{"id":1855,"date":"2024-06-26T11:41:48","date_gmt":"2024-06-26T11:41:48","guid":{"rendered":"https:\/\/lalipop-shop.com\/?page_id=1855"},"modified":"2024-06-26T18:00:18","modified_gmt":"2024-06-26T18:00:18","slug":"politica-de-cookies","status":"publish","type":"page","link":"https:\/\/lalipop-shop.com\/index.php\/politica-de-cookies\/","title":{"rendered":"Pol\u00edtica de cookies"},"content":{"rendered":"\t\t<div data-elementor-type=\"wp-page\" data-elementor-id=\"1855\" class=\"elementor elementor-1855\" data-elementor-post-type=\"page\">\n\t\t\t\t<div class=\"elementor-element elementor-element-401e8ff e-flex e-con-boxed e-con e-parent\" data-id=\"401e8ff\" data-element_type=\"container\" data-e-type=\"container\">\n\t\t\t\t\t<div class=\"e-con-inner\">\n\t\t<div class=\"elementor-element elementor-element-77b6e46 e-flex e-con-boxed e-con e-child\" data-id=\"77b6e46\" data-element_type=\"container\" data-e-type=\"container\">\n\t\t\t\t\t<div class=\"e-con-inner\">\n\t\t\t\t<div class=\"elementor-element elementor-element-5e86e6b elementor-widget elementor-widget-heading\" data-id=\"5e86e6b\" data-element_type=\"widget\" data-e-type=\"widget\" data-widget_type=\"heading.default\">\n\t\t\t\t<div class=\"elementor-widget-container\">\n\t\t\t\t\t<h1 class=\"elementor-heading-title elementor-size-default\">Pol\u00edtica de Cookies<\/h1>\t\t\t\t<\/div>\n\t\t\t\t<\/div>\n\t\t\t\t<div class=\"elementor-element elementor-element-022cc95 elementor-widget elementor-widget-spacer\" data-id=\"022cc95\" data-element_type=\"widget\" data-e-type=\"widget\" data-widget_type=\"spacer.default\">\n\t\t\t\t<div class=\"elementor-widget-container\">\n\t\t\t\t\t\t\t<div class=\"elementor-spacer\">\n\t\t\t<div class=\"elementor-spacer-inner\"><\/div>\n\t\t<\/div>\n\t\t\t\t\t\t<\/div>\n\t\t\t\t<\/div>\n\t\t\t\t<div class=\"elementor-element elementor-element-48cdd7e elementor-widget elementor-widget-text-editor\" data-id=\"48cdd7e\" data-element_type=\"widget\" data-e-type=\"widget\" data-widget_type=\"text-editor.default\">\n\t\t\t\t<div class=\"elementor-widget-container\">\n\t\t\t\t\t\t\t\t\t<p>Cookies s\u00e3o pequenos ficheiros de texto automaticamente armazenados nos discos r\u00edgidos dos computadores ou de outros dispositivos que se utilize para aceder \u00e0 internet, atrav\u00e9s do navegador. Estes ficheiros de dados incluem informa\u00e7\u00e3o que permite memorizar dados importantes que tornar\u00e3o a navega\u00e7\u00e3o do Cliente\/utilizador mais eficiente e \u00fatil.<\/p>\t\t\t\t\t\t\t\t<\/div>\n\t\t\t\t<\/div>\n\t\t\t\t<div class=\"elementor-element elementor-element-0d5a9ee elementor-widget elementor-widget-spacer\" data-id=\"0d5a9ee\" data-element_type=\"widget\" data-e-type=\"widget\" data-widget_type=\"spacer.default\">\n\t\t\t\t<div class=\"elementor-widget-container\">\n\t\t\t\t\t\t\t<div class=\"elementor-spacer\">\n\t\t\t<div class=\"elementor-spacer-inner\"><\/div>\n\t\t<\/div>\n\t\t\t\t\t\t<\/div>\n\t\t\t\t<\/div>\n\t\t\t\t<div class=\"elementor-element elementor-element-b4ddf36 elementor-widget elementor-widget-text-editor\" data-id=\"b4ddf36\" data-element_type=\"widget\" data-e-type=\"widget\" data-widget_type=\"text-editor.default\">\n\t\t\t\t<div class=\"elementor-widget-container\">\n\t\t\t\t\t\t\t\t\t<p>Os cookies recolhidos s\u00e3o utilizados exclusivamente pela LALIPOP, diretamente ou atrav\u00e9s das entidades externas por si subcontratadas.<\/p>\t\t\t\t\t\t\t\t<\/div>\n\t\t\t\t<\/div>\n\t\t\t\t<div class=\"elementor-element elementor-element-413b628 elementor-widget elementor-widget-spacer\" data-id=\"413b628\" data-element_type=\"widget\" data-e-type=\"widget\" data-widget_type=\"spacer.default\">\n\t\t\t\t<div class=\"elementor-widget-container\">\n\t\t\t\t\t\t\t<div class=\"elementor-spacer\">\n\t\t\t<div class=\"elementor-spacer-inner\"><\/div>\n\t\t<\/div>\n\t\t\t\t\t\t<\/div>\n\t\t\t\t<\/div>\n\t\t\t\t<div class=\"elementor-element elementor-element-5a21bdb elementor-widget elementor-widget-text-editor\" data-id=\"5a21bdb\" data-element_type=\"widget\" data-e-type=\"widget\" data-widget_type=\"text-editor.default\">\n\t\t\t\t<div class=\"elementor-widget-container\">\n\t\t\t\t\t\t\t\t\t<p>Todos os browsers permitem ao utilizador\/cliente aceitar, recusar ou apagar cookies, atrav\u00e9s das defini\u00e7\u00f5es\/prefer\u00eancias do respetivo navegador. No entanto, \u00e9 necess\u00e1rio ter em aten\u00e7\u00e3o que a desativa\u00e7\u00e3o dos cookies pode afetar, parcial ou totalmente, a experi\u00eancia de navega\u00e7\u00e3o no Site.<\/p>\t\t\t\t\t\t\t\t<\/div>\n\t\t\t\t<\/div>\n\t\t\t\t<div class=\"elementor-element elementor-element-5a3ac6f elementor-widget elementor-widget-spacer\" data-id=\"5a3ac6f\" data-element_type=\"widget\" data-e-type=\"widget\" data-widget_type=\"spacer.default\">\n\t\t\t\t<div class=\"elementor-widget-container\">\n\t\t\t\t\t\t\t<div class=\"elementor-spacer\">\n\t\t\t<div class=\"elementor-spacer-inner\"><\/div>\n\t\t<\/div>\n\t\t\t\t\t\t<\/div>\n\t\t\t\t<\/div>\n\t\t\t\t<div class=\"elementor-element elementor-element-d8d798f elementor-widget elementor-widget-text-editor\" data-id=\"d8d798f\" data-element_type=\"widget\" data-e-type=\"widget\" data-widget_type=\"text-editor.default\">\n\t\t\t\t<div class=\"elementor-widget-container\">\n\t\t\t\t\t\t\t\t\t<p>Para mais informa\u00e7\u00f5es sobre cookies, visite <span style=\"text-decoration: underline;\"><a href=\"http:\/\/www.allaboutcookies.org\/\" target=\"_blank\" rel=\"noopener\">www.allaboutcookies.org<\/a><\/span>\u00a0(apenas dispon\u00edvel em l\u00edngua inglesa), onde poder\u00e1 encontrar informa\u00e7\u00f5es sobre como gerir as suas configura\u00e7\u00f5es para os v\u00e1rios fornecedores de navegadores.<\/p>\t\t\t\t\t\t\t\t<\/div>\n\t\t\t\t<\/div>\n\t\t\t\t\t<\/div>\n\t\t\t\t<\/div>\n\t\t\t\t\t<\/div>\n\t\t\t\t<\/div>\n\t\t\t\t<\/div>\n\t\t","protected":false},"excerpt":{"rendered":"<p>Pol\u00edtica de Cookies Cookies s\u00e3o pequenos ficheiros de texto automaticamente armazenados nos discos r\u00edgidos dos computadores ou de outros dispositivos que se utilize para aceder \u00e0 internet, atrav\u00e9s do navegador. Estes ficheiros de dados incluem informa\u00e7\u00e3o que permite memorizar dados importantes que tornar\u00e3o a navega\u00e7\u00e3o do Cliente\/utilizador mais eficiente e \u00fatil. Os cookies recolhidos s\u00e3o [&hellip;]<\/p>\n","protected":false},"author":2,"featured_media":0,"parent":0,"menu_order":0,"comment_status":"closed","ping_status":"closed","template":"","meta":{"inline_featured_image":false,"footnotes":""},"class_list":["post-1855","page","type-page","status-publish","hentry"],"aioseo_notices":[],"jetpack_sharing_enabled":true,"_links":{"self":[{"href":"https:\/\/lalipop-shop.com\/index.php\/wp-json\/wp\/v2\/pages\/1855"}],"collection":[{"href":"https:\/\/lalipop-shop.com\/index.php\/wp-json\/wp\/v2\/pages"}],"about":[{"href":"https:\/\/lalipop-shop.com\/index.php\/wp-json\/wp\/v2\/types\/page"}],"author":[{"embeddable":true,"href":"https:\/\/lalipop-shop.com\/index.php\/wp-json\/wp\/v2\/users\/2"}],"replies":[{"embeddable":true,"href":"https:\/\/lalipop-shop.com\/index.php\/wp-json\/wp\/v2\/comments?post=1855"}],"version-history":[{"count":0,"href":"https:\/\/lalipop-shop.com\/index.php\/wp-json\/wp\/v2\/pages\/1855\/revisions"}],"wp:attachment":[{"href":"https:\/\/lalipop-shop.com\/index.php\/wp-json\/wp\/v2\/media?parent=1855"}],"curies":[{"name":"wp","href":"https:\/\/api.w.org\/{rel}","templated":true}]}}